{"id":127,"date":"2024-05-28T10:29:56","date_gmt":"2024-05-28T08:29:56","guid":{"rendered":"https:\/\/vacancesentreterreetmer.com\/?page_id=127"},"modified":"2025-11-10T13:51:25","modified_gmt":"2025-11-10T12:51:25","slug":"plan-dacces-vacances-proche-de-pornic","status":"publish","type":"page","link":"https:\/\/vacancesentreterreetmer.com\/index.php\/plan-dacces-vacances-proche-de-pornic\/","title":{"rendered":"Plan d&rsquo;acc\u00e8s"},"content":{"rendered":"\t\t<div data-elementor-type=\"wp-page\" data-elementor-id=\"127\" class=\"elementor elementor-127\">\n\t\t\t\t\t\t<section class=\"elementor-section elementor-top-section elementor-element elementor-element-7958108 elementor-section-boxed elementor-section-height-default elementor-section-height-default\" data-id=\"7958108\" data-element_type=\"section\" data-e-type=\"section\">\n\t\t\t\t\t\t<div class=\"elementor-container elementor-column-gap-default\">\n\t\t\t\t\t<div class=\"elementor-column elementor-col-100 elementor-top-column elementor-element elementor-element-f80fa30\" data-id=\"f80fa30\" data-element_type=\"column\" data-e-type=\"column\" data-settings=\"{&quot;background_background&quot;:&quot;classic&quot;}\">\n\t\t\t<div class=\"elementor-widget-wrap elementor-element-populated\">\n\t\t\t\t\t\t<div class=\"elementor-element elementor-element-26b885e elementor-widget elementor-widget-heading\" data-id=\"26b885e\" data-element_type=\"widget\" data-e-type=\"widget\" data-widget_type=\"heading.default\">\n\t\t\t\t<div class=\"elementor-widget-container\">\n\t\t\t\t\t<h1 class=\"elementor-heading-title elementor-size-default\">Tharon-Plage, la \"Perle de la C\u00f4te de Jade\" situ\u00e9e \u00e0 moins d'une heure de Nantes, 30 minutes de Saint-Nazaire, tout proche de Pornic et Saint-Br\u00e9vin-Les-Pins<\/h1>\t\t\t\t<\/div>\n\t\t\t\t<\/div>\n\t\t\t\t\t<\/div>\n\t\t<\/div>\n\t\t\t\t\t<\/div>\n\t\t<\/section>\n\t\t\t\t<section class=\"elementor-section elementor-top-section elementor-element elementor-element-2f8c743 elementor-section-boxed elementor-section-height-default elementor-section-height-default\" data-id=\"2f8c743\" data-element_type=\"section\" data-e-type=\"section\">\n\t\t\t\t\t\t<div class=\"elementor-container elementor-column-gap-default\">\n\t\t\t\t\t<div class=\"elementor-column elementor-col-50 elementor-top-column elementor-element elementor-element-5511cb6\" data-id=\"5511cb6\" data-element_type=\"column\" data-e-type=\"column\">\n\t\t\t<div class=\"elementor-widget-wrap elementor-element-populated\">\n\t\t\t\t\t\t<div class=\"elementor-element elementor-element-43d587c elementor-view-default elementor-widget elementor-widget-icon\" data-id=\"43d587c\" data-element_type=\"widget\" data-e-type=\"widget\" data-widget_type=\"icon.default\">\n\t\t\t\t<div class=\"elementor-widget-container\">\n\t\t\t\t\t\t\t<div class=\"elementor-icon-wrapper\">\n\t\t\t<div class=\"elementor-icon\">\n\t\t\t<svg aria-hidden=\"true\" class=\"e-font-icon-svg e-fas-car-side\" viewBox=\"0 0 640 512\" xmlns=\"http:\/\/www.w3.org\/2000\/svg\"><path d=\"M544 192h-16L419.22 56.02A64.025 64.025 0 0 0 369.24 32H155.33c-26.17 0-49.7 15.93-59.42 40.23L48 194.26C20.44 201.4 0 226.21 0 256v112c0 8.84 7.16 16 16 16h48c0 53.02 42.98 96 96 96s96-42.98 96-96h128c0 53.02 42.98 96 96 96s96-42.98 96-96h48c8.84 0 16-7.16 16-16v-80c0-53.02-42.98-96-96-96zM160 432c-26.47 0-48-21.53-48-48s21.53-48 48-48 48 21.53 48 48-21.53 48-48 48zm72-240H116.93l38.4-96H232v96zm48 0V96h89.24l76.8 96H280zm200 240c-26.47 0-48-21.53-48-48s21.53-48 48-48 48 21.53 48 48-21.53 48-48 48z\"><\/path><\/svg>\t\t\t<\/div>\n\t\t<\/div>\n\t\t\t\t\t\t<\/div>\n\t\t\t\t<\/div>\n\t\t\t\t\t<\/div>\n\t\t<\/div>\n\t\t\t\t<div class=\"elementor-column elementor-col-50 elementor-top-column elementor-element elementor-element-f3aeb56\" data-id=\"f3aeb56\" data-element_type=\"column\" data-e-type=\"column\">\n\t\t\t<div class=\"elementor-widget-wrap elementor-element-populated\">\n\t\t\t\t\t\t\t<\/div>\n\t\t<\/div>\n\t\t\t\t\t<\/div>\n\t\t<\/section>\n\t\t\t\t<section class=\"elementor-section elementor-top-section elementor-element elementor-element-19b23b0 elementor-section-boxed elementor-section-height-default elementor-section-height-default\" data-id=\"19b23b0\" data-element_type=\"section\" data-e-type=\"section\">\n\t\t\t\t\t\t<div class=\"elementor-container elementor-column-gap-default\">\n\t\t\t\t\t<div class=\"elementor-column elementor-col-100 elementor-top-column elementor-element elementor-element-706898f\" data-id=\"706898f\" data-element_type=\"column\" data-e-type=\"column\">\n\t\t\t<div class=\"elementor-widget-wrap elementor-element-populated\">\n\t\t\t\t\t\t<div class=\"elementor-element elementor-element-1537085 elementor-widget elementor-widget-heading\" data-id=\"1537085\" data-element_type=\"widget\" data-e-type=\"widget\" data-widget_type=\"heading.default\">\n\t\t\t\t<div class=\"elementor-widget-container\">\n\t\t\t\t\t<h2 class=\"elementor-heading-title elementor-size-default\">Depuis Saint-Nazaire<\/h2>\t\t\t\t<\/div>\n\t\t\t\t<\/div>\n\t\t\t\t\t<\/div>\n\t\t<\/div>\n\t\t\t\t\t<\/div>\n\t\t<\/section>\n\t\t\t\t<section class=\"elementor-section elementor-top-section elementor-element elementor-element-7a1a92e elementor-section-boxed elementor-section-height-default elementor-section-height-default\" data-id=\"7a1a92e\" data-element_type=\"section\" data-e-type=\"section\">\n\t\t\t\t\t\t<div class=\"elementor-container elementor-column-gap-default\">\n\t\t\t\t\t<div class=\"elementor-column elementor-col-100 elementor-top-column elementor-element elementor-element-98cfb3a\" data-id=\"98cfb3a\" data-element_type=\"column\" data-e-type=\"column\">\n\t\t\t<div class=\"elementor-widget-wrap elementor-element-populated\">\n\t\t\t\t\t\t<div class=\"elementor-element elementor-element-eca44c1 elementor-widget elementor-widget-text-editor\" data-id=\"eca44c1\" data-element_type=\"widget\" data-e-type=\"widget\" data-widget_type=\"text-editor.default\">\n\t\t\t\t<div class=\"elementor-widget-container\">\n\t\t\t\t\t\t\t\t\t<p>Traverser le pont de Saint-Nazaire en direction de Saint-Br\u00e9vin-Les-Pins, puis continuer sur la route \u00ab\u00a0bleue\u00a0\u00bb RD 213 en direction de Pornic. Prendre la sortie la Plaine-Sur-Mer\/ Pr\u00e9failles \/ Tharon-Plage \u00a0 \u00a0 \u00a0 \u00a0 \u00a0 \u00a0 \u00a0 \u00a0 \u00a0 \u00a0 \u00a0 \u00a0 \u00a0 \u00a0 \u00a0 \u00a0 \u00a0 Suivre Tharon-Plage, par l&rsquo;avenue Ernest Chevrier, au dernier rond point (lorsque vous voyez la mer et le carrousel de la Grande Plage) prendre la premi\u00e8re sortie \u00e0 droite&#8230;<\/p><p><b>Votre location de vacances \u00ab\u00a0Chez Ginette\u00a0\u00bb vous y attend !<\/b><\/p>\t\t\t\t\t\t\t\t<\/div>\n\t\t\t\t<\/div>\n\t\t\t\t\t<\/div>\n\t\t<\/div>\n\t\t\t\t\t<\/div>\n\t\t<\/section>\n\t\t\t\t<section class=\"elementor-section elementor-top-section elementor-element elementor-element-2a4eefa elementor-section-boxed elementor-section-height-default elementor-section-height-default\" data-id=\"2a4eefa\" data-element_type=\"section\" data-e-type=\"section\">\n\t\t\t\t\t\t<div class=\"elementor-container elementor-column-gap-default\">\n\t\t\t\t\t<div class=\"elementor-column elementor-col-100 elementor-top-column elementor-element elementor-element-00ace2c\" data-id=\"00ace2c\" data-element_type=\"column\" data-e-type=\"column\">\n\t\t\t<div class=\"elementor-widget-wrap elementor-element-populated\">\n\t\t\t\t\t\t<div class=\"elementor-element elementor-element-151b934 elementor-widget elementor-widget-image\" data-id=\"151b934\" data-element_type=\"widget\" data-e-type=\"widget\" data-widget_type=\"image.default\">\n\t\t\t\t<div class=\"elementor-widget-container\">\n\t\t\t\t\t\t\t\t\t\t\t\t\t\t\t<img fetchpriority=\"high\" decoding=\"async\" width=\"1024\" height=\"682\" src=\"https:\/\/vacancesentreterreetmer.com\/wp-content\/uploads\/2024\/08\/St-Nazaire-pont1-1024x682.jpg\" class=\"attachment-large size-large wp-image-701\" alt=\"Pont de Saint-Nazaire\" srcset=\"https:\/\/vacancesentreterreetmer.com\/wp-content\/uploads\/2024\/08\/St-Nazaire-pont1-1024x682.jpg 1024w, https:\/\/vacancesentreterreetmer.com\/wp-content\/uploads\/2024\/08\/St-Nazaire-pont1-300x200.jpg 300w, https:\/\/vacancesentreterreetmer.com\/wp-content\/uploads\/2024\/08\/St-Nazaire-pont1-768x512.jpg 768w, https:\/\/vacancesentreterreetmer.com\/wp-content\/uploads\/2024\/08\/St-Nazaire-pont1-1536x1024.jpg 1536w, https:\/\/vacancesentreterreetmer.com\/wp-content\/uploads\/2024\/08\/St-Nazaire-pont1-600x400.jpg 600w, https:\/\/vacancesentreterreetmer.com\/wp-content\/uploads\/2024\/08\/St-Nazaire-pont1.jpg 2000w\" sizes=\"(max-width: 1024px) 100vw, 1024px\" \/>\t\t\t\t\t\t\t\t\t\t\t\t\t\t\t<\/div>\n\t\t\t\t<\/div>\n\t\t\t\t\t<\/div>\n\t\t<\/div>\n\t\t\t\t\t<\/div>\n\t\t<\/section>\n\t\t\t\t<section class=\"elementor-section elementor-top-section elementor-element elementor-element-f6760c5 elementor-section-boxed elementor-section-height-default elementor-section-height-default\" data-id=\"f6760c5\" data-element_type=\"section\" data-e-type=\"section\">\n\t\t\t\t\t\t<div class=\"elementor-container elementor-column-gap-default\">\n\t\t\t\t\t<div class=\"elementor-column elementor-col-100 elementor-top-column elementor-element elementor-element-81937b5\" data-id=\"81937b5\" data-element_type=\"column\" data-e-type=\"column\">\n\t\t\t<div class=\"elementor-widget-wrap elementor-element-populated\">\n\t\t\t\t\t\t<div class=\"elementor-element elementor-element-edec5b1 elementor-widget elementor-widget-spacer\" data-id=\"edec5b1\" data-element_type=\"widget\" data-e-type=\"widget\" data-widget_type=\"spacer.default\">\n\t\t\t\t<div class=\"elementor-widget-container\">\n\t\t\t\t\t\t\t<div class=\"elementor-spacer\">\n\t\t\t<div class=\"elementor-spacer-inner\"><\/div>\n\t\t<\/div>\n\t\t\t\t\t\t<\/div>\n\t\t\t\t<\/div>\n\t\t\t\t<div class=\"elementor-element elementor-element-1a7c407 elementor-widget__width-initial elementor-widget elementor-widget-heading\" data-id=\"1a7c407\" data-element_type=\"widget\" data-e-type=\"widget\" data-widget_type=\"heading.default\">\n\t\t\t\t<div class=\"elementor-widget-container\">\n\t\t\t\t\t<h2 class=\"elementor-heading-title elementor-size-default\">Depuis Nantes<\/h2>\t\t\t\t<\/div>\n\t\t\t\t<\/div>\n\t\t\t\t<div class=\"elementor-element elementor-element-48dced0 elementor-widget elementor-widget-text-editor\" data-id=\"48dced0\" data-element_type=\"widget\" data-e-type=\"widget\" data-widget_type=\"text-editor.default\">\n\t\t\t\t<div class=\"elementor-widget-container\">\n\t\t\t\t\t\t\t\t\t<p>Prendre direction Pornic \/ Saint-Nazaire. Continuer sur la route \u00ab\u00a0bleue\u00a0\u00bb RD 213 en direction de Saint-Nazaire.Sortir en direction de Tharon-Plage ( avant Saint-Michel-Chef-Chef ) \u00a0 \u00a0 \u00a0 \u00a0 \u00a0 \u00a0 \u00a0 \u00a0 \u00a0 \u00a0 \u00a0 \u00a0 \u00a0 \u00a0 \u00a0 \u00a0 \u00a0 \u00a0 \u00a0 \u00a0 \u00a0 \u00a0 \u00a0 \u00a0 \u00a0 \u00a0 \u00a0 Suivre Rue de la Dalonnerie et Avenue Ernest Chevrier, au dernier rond point (lorsque vous voyez la mer et le carrousel de la Grande Plage) alors vous \u00eates arriv\u00e9s \u00e0 votre location de vacances \u00ab\u00a0Chez Ginette\u00a0\u00bb !\u00a0<\/p>\t\t\t\t\t\t\t\t<\/div>\n\t\t\t\t<\/div>\n\t\t\t\t<div class=\"elementor-element elementor-element-5e36a11 elementor-widget elementor-widget-image\" data-id=\"5e36a11\" data-element_type=\"widget\" data-e-type=\"widget\" data-widget_type=\"image.default\">\n\t\t\t\t<div class=\"elementor-widget-container\">\n\t\t\t\t\t\t\t\t\t\t\t\t\t\t\t<img decoding=\"async\" width=\"823\" height=\"643\" src=\"https:\/\/vacancesentreterreetmer.com\/wp-content\/uploads\/2024\/07\/Capture-decran-2024-07-04-a-19.54.10.png\" class=\"attachment-large size-large wp-image-565\" alt=\"Carte Tharon\" srcset=\"https:\/\/vacancesentreterreetmer.com\/wp-content\/uploads\/2024\/07\/Capture-decran-2024-07-04-a-19.54.10.png 823w, https:\/\/vacancesentreterreetmer.com\/wp-content\/uploads\/2024\/07\/Capture-decran-2024-07-04-a-19.54.10-300x234.png 300w, https:\/\/vacancesentreterreetmer.com\/wp-content\/uploads\/2024\/07\/Capture-decran-2024-07-04-a-19.54.10-768x600.png 768w, https:\/\/vacancesentreterreetmer.com\/wp-content\/uploads\/2024\/07\/Capture-decran-2024-07-04-a-19.54.10-600x469.png 600w\" sizes=\"(max-width: 823px) 100vw, 823px\" \/>\t\t\t\t\t\t\t\t\t\t\t\t\t\t\t<\/div>\n\t\t\t\t<\/div>\n\t\t\t\t\t<\/div>\n\t\t<\/div>\n\t\t\t\t\t<\/div>\n\t\t<\/section>\n\t\t\t\t<\/div>\n\t\t","protected":false},"excerpt":{"rendered":"<p>Tharon-Plage, la \u00ab\u00a0Perle de la C\u00f4te de Jade\u00a0\u00bb situ\u00e9e \u00e0 moins d&rsquo;une heure de Nantes, 30 minutes de Saint-Nazaire, tout proche de Pornic et Saint-Br\u00e9vin-Les-Pins Depuis Saint-Nazaire Traverser le pont de Saint-Nazaire en direction de Saint-Br\u00e9vin-Les-Pins, puis continuer sur la route \u00ab\u00a0bleue\u00a0\u00bb RD 213 en direction de Pornic. Prendre la sortie la Plaine-Sur-Mer\/ Pr\u00e9failles \/ [&hellip;]<\/p>\n","protected":false},"author":1,"featured_media":0,"parent":0,"menu_order":0,"comment_status":"closed","ping_status":"closed","template":"","meta":{"ocean_post_layout":"","ocean_both_sidebars_style":"","ocean_both_sidebars_content_width":0,"ocean_both_sidebars_sidebars_width":0,"ocean_sidebar":"","ocean_second_sidebar":"","ocean_disable_margins":"enable","ocean_add_body_class":"","ocean_shortcode_before_top_bar":"","ocean_shortcode_after_top_bar":"","ocean_shortcode_before_header":"","ocean_shortcode_after_header":"","ocean_has_shortcode":"","ocean_shortcode_after_title":"","ocean_shortcode_before_footer_widgets":"","ocean_shortcode_after_footer_widgets":"","ocean_shortcode_before_footer_bottom":"","ocean_shortcode_after_footer_bottom":"","ocean_display_top_bar":"default","ocean_display_header":"default","ocean_header_style":"","ocean_center_header_left_menu":"","ocean_custom_header_template":"","ocean_custom_logo":0,"ocean_custom_retina_logo":0,"ocean_custom_logo_max_width":0,"ocean_custom_logo_tablet_max_width":0,"ocean_custom_logo_mobile_max_width":0,"ocean_custom_logo_max_height":0,"ocean_custom_logo_tablet_max_height":0,"ocean_custom_logo_mobile_max_height":0,"ocean_header_custom_menu":"","ocean_menu_typo_font_family":"","ocean_menu_typo_font_subset":"","ocean_menu_typo_font_size":0,"ocean_menu_typo_font_size_tablet":0,"ocean_menu_typo_font_size_mobile":0,"ocean_menu_typo_font_size_unit":"px","ocean_menu_typo_font_weight":"","ocean_menu_typo_font_weight_tablet":"","ocean_menu_typo_font_weight_mobile":"","ocean_menu_typo_transform":"","ocean_menu_typo_transform_tablet":"","ocean_menu_typo_transform_mobile":"","ocean_menu_typo_line_height":0,"ocean_menu_typo_line_height_tablet":0,"ocean_menu_typo_line_height_mobile":0,"ocean_menu_typo_line_height_unit":"","ocean_menu_typo_spacing":0,"ocean_menu_typo_spacing_tablet":0,"ocean_menu_typo_spacing_mobile":0,"ocean_menu_typo_spacing_unit":"","ocean_menu_link_color":"","ocean_menu_link_color_hover":"","ocean_menu_link_color_active":"","ocean_menu_link_background":"","ocean_menu_link_hover_background":"","ocean_menu_link_active_background":"","ocean_menu_social_links_bg":"","ocean_menu_social_hover_links_bg":"","ocean_menu_social_links_color":"","ocean_menu_social_hover_links_color":"","ocean_disable_title":"default","ocean_disable_heading":"default","ocean_post_title":"","ocean_post_subheading":"","ocean_post_title_style":"","ocean_post_title_background_color":"","ocean_post_title_background":0,"ocean_post_title_bg_image_position":"","ocean_post_title_bg_image_attachment":"","ocean_post_title_bg_image_repeat":"","ocean_post_title_bg_image_size":"","ocean_post_title_height":0,"ocean_post_title_bg_overlay":0.5,"ocean_post_title_bg_overlay_color":"","ocean_disable_breadcrumbs":"default","ocean_breadcrumbs_color":"","ocean_breadcrumbs_separator_color":"","ocean_breadcrumbs_links_color":"","ocean_breadcrumbs_links_hover_color":"","ocean_display_footer_widgets":"default","ocean_display_footer_bottom":"default","ocean_custom_footer_template":"","footnotes":""},"class_list":["post-127","page","type-page","status-publish","hentry","entry","owp-thumbs-layout-horizontal","owp-btn-big","owp-tabs-layout-horizontal","has-no-thumbnails"],"yoast_head":"<!-- This site is optimized with the Yoast SEO plugin v23.2 - https:\/\/yoast.com\/wordpress\/plugins\/seo\/ -->\n<title>Plan d&#039;acc\u00e8s - vacances entre terre et mer<\/title>\n<meta name=\"description\" content=\"Notre location de vacances, petit gite Chez Ginette est situ\u00e9 \u00e0Tharon-Plage \u00e0 moins d&#039;une heure de Nantes, 30 minutes de Saint-Nazaire et 10 minutes de Pornic.\" \/>\n<meta name=\"robots\" content=\"index, follow, max-snippet:-1, max-image-preview:large, max-video-preview:-1\" \/>\n<link rel=\"canonical\" href=\"https:\/\/vacancesentreterreetmer.com\/index.php\/plan-dacces-vacances-proche-de-pornic\/\" \/>\n<meta property=\"og:locale\" content=\"fr_FR\" \/>\n<meta property=\"og:type\" content=\"article\" \/>\n<meta property=\"og:title\" content=\"Plan d&#039;acc\u00e8s - vacances entre terre et mer\" \/>\n<meta property=\"og:description\" content=\"Notre location de vacances, petit gite Chez Ginette est situ\u00e9 \u00e0Tharon-Plage \u00e0 moins d&#039;une heure de Nantes, 30 minutes de Saint-Nazaire et 10 minutes de Pornic.\" \/>\n<meta property=\"og:url\" content=\"https:\/\/vacancesentreterreetmer.com\/index.php\/plan-dacces-vacances-proche-de-pornic\/\" \/>\n<meta property=\"og:site_name\" content=\"vacances entre terre et mer\" \/>\n<meta property=\"article:modified_time\" content=\"2025-11-10T12:51:25+00:00\" \/>\n<meta property=\"og:image\" content=\"http:\/\/vacancesentreterreetmer.com\/wp-content\/uploads\/2024\/08\/St-Nazaire-pont1-1024x682.jpg\" \/>\n<meta name=\"twitter:card\" content=\"summary_large_image\" \/>\n<meta name=\"twitter:label1\" content=\"Dur\u00e9e de lecture estim\u00e9e\" \/>\n\t<meta name=\"twitter:data1\" content=\"2 minutes\" \/>\n<script type=\"application\/ld+json\" class=\"yoast-schema-graph\">{\"@context\":\"https:\/\/schema.org\",\"@graph\":[{\"@type\":\"WebPage\",\"@id\":\"https:\/\/vacancesentreterreetmer.com\/index.php\/plan-dacces-vacances-proche-de-pornic\/\",\"url\":\"https:\/\/vacancesentreterreetmer.com\/index.php\/plan-dacces-vacances-proche-de-pornic\/\",\"name\":\"Plan d'acc\u00e8s - vacances entre terre et mer\",\"isPartOf\":{\"@id\":\"https:\/\/vacancesentreterreetmer.com\/#website\"},\"primaryImageOfPage\":{\"@id\":\"https:\/\/vacancesentreterreetmer.com\/index.php\/plan-dacces-vacances-proche-de-pornic\/#primaryimage\"},\"image\":{\"@id\":\"https:\/\/vacancesentreterreetmer.com\/index.php\/plan-dacces-vacances-proche-de-pornic\/#primaryimage\"},\"thumbnailUrl\":\"http:\/\/vacancesentreterreetmer.com\/wp-content\/uploads\/2024\/08\/St-Nazaire-pont1-1024x682.jpg\",\"datePublished\":\"2024-05-28T08:29:56+00:00\",\"dateModified\":\"2025-11-10T12:51:25+00:00\",\"description\":\"Notre location de vacances, petit gite Chez Ginette est situ\u00e9 \u00e0Tharon-Plage \u00e0 moins d'une heure de Nantes, 30 minutes de Saint-Nazaire et 10 minutes de Pornic.\",\"breadcrumb\":{\"@id\":\"https:\/\/vacancesentreterreetmer.com\/index.php\/plan-dacces-vacances-proche-de-pornic\/#breadcrumb\"},\"inLanguage\":\"fr-FR\",\"potentialAction\":[{\"@type\":\"ReadAction\",\"target\":[\"https:\/\/vacancesentreterreetmer.com\/index.php\/plan-dacces-vacances-proche-de-pornic\/\"]}]},{\"@type\":\"ImageObject\",\"inLanguage\":\"fr-FR\",\"@id\":\"https:\/\/vacancesentreterreetmer.com\/index.php\/plan-dacces-vacances-proche-de-pornic\/#primaryimage\",\"url\":\"https:\/\/vacancesentreterreetmer.com\/wp-content\/uploads\/2024\/08\/St-Nazaire-pont1.jpg\",\"contentUrl\":\"https:\/\/vacancesentreterreetmer.com\/wp-content\/uploads\/2024\/08\/St-Nazaire-pont1.jpg\",\"width\":2000,\"height\":1333,\"caption\":\"Pont de Saint-Nazaire\"},{\"@type\":\"BreadcrumbList\",\"@id\":\"https:\/\/vacancesentreterreetmer.com\/index.php\/plan-dacces-vacances-proche-de-pornic\/#breadcrumb\",\"itemListElement\":[{\"@type\":\"ListItem\",\"position\":1,\"name\":\"Accueil\",\"item\":\"https:\/\/vacancesentreterreetmer.com\/\"},{\"@type\":\"ListItem\",\"position\":2,\"name\":\"Plan d&rsquo;acc\u00e8s\"}]},{\"@type\":\"WebSite\",\"@id\":\"https:\/\/vacancesentreterreetmer.com\/#website\",\"url\":\"https:\/\/vacancesentreterreetmer.com\/\",\"name\":\"vacances entre terre et mer\",\"description\":\"\",\"potentialAction\":[{\"@type\":\"SearchAction\",\"target\":{\"@type\":\"EntryPoint\",\"urlTemplate\":\"https:\/\/vacancesentreterreetmer.com\/?s={search_term_string}\"},\"query-input\":\"required name=search_term_string\"}],\"inLanguage\":\"fr-FR\"}]}<\/script>\n<!-- \/ Yoast SEO plugin. -->","yoast_head_json":{"title":"Plan d'acc\u00e8s - vacances entre terre et mer","description":"Notre location de vacances, petit gite Chez Ginette est situ\u00e9 \u00e0Tharon-Plage \u00e0 moins d'une heure de Nantes, 30 minutes de Saint-Nazaire et 10 minutes de Pornic.","robots":{"index":"index","follow":"follow","max-snippet":"max-snippet:-1","max-image-preview":"max-image-preview:large","max-video-preview":"max-video-preview:-1"},"canonical":"https:\/\/vacancesentreterreetmer.com\/index.php\/plan-dacces-vacances-proche-de-pornic\/","og_locale":"fr_FR","og_type":"article","og_title":"Plan d'acc\u00e8s - vacances entre terre et mer","og_description":"Notre location de vacances, petit gite Chez Ginette est situ\u00e9 \u00e0Tharon-Plage \u00e0 moins d'une heure de Nantes, 30 minutes de Saint-Nazaire et 10 minutes de Pornic.","og_url":"https:\/\/vacancesentreterreetmer.com\/index.php\/plan-dacces-vacances-proche-de-pornic\/","og_site_name":"vacances entre terre et mer","article_modified_time":"2025-11-10T12:51:25+00:00","og_image":[{"url":"http:\/\/vacancesentreterreetmer.com\/wp-content\/uploads\/2024\/08\/St-Nazaire-pont1-1024x682.jpg"}],"twitter_card":"summary_large_image","twitter_misc":{"Dur\u00e9e de lecture estim\u00e9e":"2 minutes"},"schema":{"@context":"https:\/\/schema.org","@graph":[{"@type":"WebPage","@id":"https:\/\/vacancesentreterreetmer.com\/index.php\/plan-dacces-vacances-proche-de-pornic\/","url":"https:\/\/vacancesentreterreetmer.com\/index.php\/plan-dacces-vacances-proche-de-pornic\/","name":"Plan d'acc\u00e8s - vacances entre terre et mer","isPartOf":{"@id":"https:\/\/vacancesentreterreetmer.com\/#website"},"primaryImageOfPage":{"@id":"https:\/\/vacancesentreterreetmer.com\/index.php\/plan-dacces-vacances-proche-de-pornic\/#primaryimage"},"image":{"@id":"https:\/\/vacancesentreterreetmer.com\/index.php\/plan-dacces-vacances-proche-de-pornic\/#primaryimage"},"thumbnailUrl":"http:\/\/vacancesentreterreetmer.com\/wp-content\/uploads\/2024\/08\/St-Nazaire-pont1-1024x682.jpg","datePublished":"2024-05-28T08:29:56+00:00","dateModified":"2025-11-10T12:51:25+00:00","description":"Notre location de vacances, petit gite Chez Ginette est situ\u00e9 \u00e0Tharon-Plage \u00e0 moins d'une heure de Nantes, 30 minutes de Saint-Nazaire et 10 minutes de Pornic.","breadcrumb":{"@id":"https:\/\/vacancesentreterreetmer.com\/index.php\/plan-dacces-vacances-proche-de-pornic\/#breadcrumb"},"inLanguage":"fr-FR","potentialAction":[{"@type":"ReadAction","target":["https:\/\/vacancesentreterreetmer.com\/index.php\/plan-dacces-vacances-proche-de-pornic\/"]}]},{"@type":"ImageObject","inLanguage":"fr-FR","@id":"https:\/\/vacancesentreterreetmer.com\/index.php\/plan-dacces-vacances-proche-de-pornic\/#primaryimage","url":"https:\/\/vacancesentreterreetmer.com\/wp-content\/uploads\/2024\/08\/St-Nazaire-pont1.jpg","contentUrl":"https:\/\/vacancesentreterreetmer.com\/wp-content\/uploads\/2024\/08\/St-Nazaire-pont1.jpg","width":2000,"height":1333,"caption":"Pont de Saint-Nazaire"},{"@type":"BreadcrumbList","@id":"https:\/\/vacancesentreterreetmer.com\/index.php\/plan-dacces-vacances-proche-de-pornic\/#breadcrumb","itemListElement":[{"@type":"ListItem","position":1,"name":"Accueil","item":"https:\/\/vacancesentreterreetmer.com\/"},{"@type":"ListItem","position":2,"name":"Plan d&rsquo;acc\u00e8s"}]},{"@type":"WebSite","@id":"https:\/\/vacancesentreterreetmer.com\/#website","url":"https:\/\/vacancesentreterreetmer.com\/","name":"vacances entre terre et mer","description":"","potentialAction":[{"@type":"SearchAction","target":{"@type":"EntryPoint","urlTemplate":"https:\/\/vacancesentreterreetmer.com\/?s={search_term_string}"},"query-input":"required name=search_term_string"}],"inLanguage":"fr-FR"}]}},"jetpack_sharing_enabled":true,"_links":{"self":[{"href":"https:\/\/vacancesentreterreetmer.com\/index.php\/wp-json\/wp\/v2\/pages\/127","targetHints":{"allow":["GET"]}}],"collection":[{"href":"https:\/\/vacancesentreterreetmer.com\/index.php\/wp-json\/wp\/v2\/pages"}],"about":[{"href":"https:\/\/vacancesentreterreetmer.com\/index.php\/wp-json\/wp\/v2\/types\/page"}],"author":[{"embeddable":true,"href":"https:\/\/vacancesentreterreetmer.com\/index.php\/wp-json\/wp\/v2\/users\/1"}],"replies":[{"embeddable":true,"href":"https:\/\/vacancesentreterreetmer.com\/index.php\/wp-json\/wp\/v2\/comments?post=127"}],"version-history":[{"count":55,"href":"https:\/\/vacancesentreterreetmer.com\/index.php\/wp-json\/wp\/v2\/pages\/127\/revisions"}],"predecessor-version":[{"id":962,"href":"https:\/\/vacancesentreterreetmer.com\/index.php\/wp-json\/wp\/v2\/pages\/127\/revisions\/962"}],"wp:attachment":[{"href":"https:\/\/vacancesentreterreetmer.com\/index.php\/wp-json\/wp\/v2\/media?parent=127"}],"curies":[{"name":"wp","href":"https:\/\/api.w.org\/{rel}","templated":true}]}}