{"id":283,"date":"2024-06-13T18:16:53","date_gmt":"2024-06-13T16:16:53","guid":{"rendered":"https:\/\/vacancesentreterreetmer.com\/?page_id=283"},"modified":"2025-11-10T13:04:04","modified_gmt":"2025-11-10T12:04:04","slug":"les-sorties-en-touraine","status":"publish","type":"page","link":"https:\/\/vacancesentreterreetmer.com\/index.php\/les-sorties-en-touraine\/","title":{"rendered":"en touraine"},"content":{"rendered":"\t\t<div data-elementor-type=\"wp-page\" data-elementor-id=\"283\" class=\"elementor elementor-283\">\n\t\t\t\t\t\t<section class=\"elementor-section elementor-top-section elementor-element elementor-element-d56d857 elementor-section-boxed elementor-section-height-default elementor-section-height-default\" data-id=\"d56d857\" data-element_type=\"section\" data-e-type=\"section\">\n\t\t\t\t\t\t<div class=\"elementor-container elementor-column-gap-default\">\n\t\t\t\t\t<div class=\"elementor-column elementor-col-100 elementor-top-column elementor-element elementor-element-652f151\" data-id=\"652f151\" data-element_type=\"column\" data-e-type=\"column\">\n\t\t\t<div class=\"elementor-widget-wrap elementor-element-populated\">\n\t\t\t\t\t\t<div class=\"elementor-element elementor-element-52706ef elementor-widget elementor-widget-heading\" data-id=\"52706ef\" data-element_type=\"widget\" data-e-type=\"widget\" data-widget_type=\"heading.default\">\n\t\t\t\t<div class=\"elementor-widget-container\">\n\t\t\t\t\t<h2 class=\"elementor-heading-title elementor-size-default\">DE NOMBREUX CH\u00c2TEAUX DU VAL DE LOIRE<\/h2>\t\t\t\t<\/div>\n\t\t\t\t<\/div>\n\t\t\t\t\t<\/div>\n\t\t<\/div>\n\t\t\t\t\t<\/div>\n\t\t<\/section>\n\t\t\t\t<section class=\"elementor-section elementor-top-section elementor-element elementor-element-6f7b58b elementor-section-boxed elementor-section-height-default elementor-section-height-default\" data-id=\"6f7b58b\" data-element_type=\"section\" data-e-type=\"section\">\n\t\t\t\t\t\t<div class=\"elementor-container elementor-column-gap-default\">\n\t\t\t\t\t<div class=\"elementor-column elementor-col-100 elementor-top-column elementor-element elementor-element-7c8e8bb\" data-id=\"7c8e8bb\" data-element_type=\"column\" data-e-type=\"column\">\n\t\t\t<div class=\"elementor-widget-wrap elementor-element-populated\">\n\t\t\t\t\t\t<div class=\"elementor-element elementor-element-77343f1 elementor-widget elementor-widget-text-editor\" data-id=\"77343f1\" data-element_type=\"widget\" data-e-type=\"widget\" data-widget_type=\"text-editor.default\">\n\t\t\t\t<div class=\"elementor-widget-container\">\n\t\t\t\t\t\t\t\t\t<p>Sur vos plus jolies photos de vacances,\u00a0 les ch\u00e2teaux de Loire feront tr\u00e8s certainement partie du paysage !<\/p><p>Non loin de Rivarennes, vous pourrez prendre quelques clich\u00e9s notamment \u00e0 la forteresse de Chinon, et de Loches, et fl\u00e2ner dans leurs rues m\u00e9di\u00e9vales, le ch\u00e2teau d&rsquo;Azay-Le-Rideau, un incontournable, le ch\u00e2teau de Lislette ( une r\u00e9plique de celui d&rsquo;Azay-Le-Rideau ) Villandry et ses magnifiques jardins &#8230;<\/p>\t\t\t\t\t\t\t\t<\/div>\n\t\t\t\t<\/div>\n\t\t\t\t\t<\/div>\n\t\t<\/div>\n\t\t\t\t\t<\/div>\n\t\t<\/section>\n\t\t\t\t<section class=\"elementor-section elementor-top-section elementor-element elementor-element-d59c804 elementor-section-boxed elementor-section-height-default elementor-section-height-default\" data-id=\"d59c804\" data-element_type=\"section\" data-e-type=\"section\">\n\t\t\t\t\t\t<div class=\"elementor-container elementor-column-gap-default\">\n\t\t\t\t\t<div class=\"elementor-column elementor-col-100 elementor-top-column elementor-element elementor-element-2402d0a\" data-id=\"2402d0a\" data-element_type=\"column\" data-e-type=\"column\">\n\t\t\t<div class=\"elementor-widget-wrap elementor-element-populated\">\n\t\t\t\t\t\t<div class=\"elementor-element elementor-element-57d605b elementor-arrows-position-inside elementor-pagination-position-outside elementor-widget elementor-widget-image-carousel\" data-id=\"57d605b\" data-element_type=\"widget\" data-e-type=\"widget\" data-settings=\"{&quot;navigation&quot;:&quot;both&quot;,&quot;autoplay&quot;:&quot;yes&quot;,&quot;pause_on_hover&quot;:&quot;yes&quot;,&quot;pause_on_interaction&quot;:&quot;yes&quot;,&quot;autoplay_speed&quot;:5000,&quot;infinite&quot;:&quot;yes&quot;,&quot;speed&quot;:500}\" data-widget_type=\"image-carousel.default\">\n\t\t\t\t<div class=\"elementor-widget-container\">\n\t\t\t\t\t\t\t<div class=\"elementor-image-carousel-wrapper swiper\" role=\"region\" aria-roledescription=\"carousel\" aria-label=\"Carrousel d\u2019images\" dir=\"ltr\">\n\t\t\t<div class=\"elementor-image-carousel swiper-wrapper\" aria-live=\"off\">\n\t\t\t\t\t\t\t\t<div class=\"swiper-slide\" role=\"group\" aria-roledescription=\"slide\" aria-label=\"1 sur 6\"><figure class=\"swiper-slide-inner\"><img decoding=\"async\" class=\"swiper-slide-image\" src=\"https:\/\/vacancesentreterreetmer.com\/wp-content\/uploads\/2024\/08\/telechargement-villandry5-150x150.jpeg\" alt=\"chateau de Villandry\" \/><\/figure><\/div><div class=\"swiper-slide\" role=\"group\" aria-roledescription=\"slide\" aria-label=\"2 sur 6\"><figure class=\"swiper-slide-inner\"><img decoding=\"async\" class=\"swiper-slide-image\" src=\"https:\/\/vacancesentreterreetmer.com\/wp-content\/uploads\/2024\/08\/telechargement-rigny-150x150.jpeg\" alt=\"chateau de Rigny Uss\u00e9\" \/><\/figure><\/div><div class=\"swiper-slide\" role=\"group\" aria-roledescription=\"slide\" aria-label=\"3 sur 6\"><figure class=\"swiper-slide-inner\"><img decoding=\"async\" class=\"swiper-slide-image\" src=\"https:\/\/vacancesentreterreetmer.com\/wp-content\/uploads\/2024\/08\/telechargement-lislette5-150x150.jpeg\" alt=\"Ch\u00e2teau de Lislette\" \/><\/figure><\/div><div class=\"swiper-slide\" role=\"group\" aria-roledescription=\"slide\" aria-label=\"4 sur 6\"><figure class=\"swiper-slide-inner\"><img decoding=\"async\" class=\"swiper-slide-image\" src=\"https:\/\/vacancesentreterreetmer.com\/wp-content\/uploads\/2024\/08\/telechargement-chaeau5-150x150.jpeg\" alt=\"chateau azay la rideau\" \/><\/figure><\/div><div class=\"swiper-slide\" role=\"group\" aria-roledescription=\"slide\" aria-label=\"5 sur 6\"><figure class=\"swiper-slide-inner\"><img decoding=\"async\" class=\"swiper-slide-image\" src=\"https:\/\/vacancesentreterreetmer.com\/wp-content\/uploads\/2024\/08\/telechargement-150x150.jpeg\" alt=\"chateau azay la rideau\" \/><\/figure><\/div><div class=\"swiper-slide\" role=\"group\" aria-roledescription=\"slide\" aria-label=\"6 sur 6\"><figure class=\"swiper-slide-inner\"><img decoding=\"async\" class=\"swiper-slide-image\" src=\"https:\/\/vacancesentreterreetmer.com\/wp-content\/uploads\/2024\/08\/telechargement-chinon-5-150x150.jpeg\" alt=\"chateau de Chinon\" \/><\/figure><\/div>\t\t\t<\/div>\n\t\t\t\t\t\t\t\t\t\t\t\t<div class=\"elementor-swiper-button elementor-swiper-button-prev\" role=\"button\" tabindex=\"0\">\n\t\t\t\t\t\t<svg aria-hidden=\"true\" class=\"e-font-icon-svg e-eicon-chevron-left\" viewBox=\"0 0 1000 1000\" xmlns=\"http:\/\/www.w3.org\/2000\/svg\"><path d=\"M646 125C629 125 613 133 604 142L308 442C296 454 292 471 292 487 292 504 296 521 308 533L604 854C617 867 629 875 646 875 663 875 679 871 692 858 704 846 713 829 713 812 713 796 708 779 692 767L438 487 692 225C700 217 708 204 708 187 708 171 704 154 692 142 675 129 663 125 646 125Z\"><\/path><\/svg>\t\t\t\t\t<\/div>\n\t\t\t\t\t<div class=\"elementor-swiper-button elementor-swiper-button-next\" role=\"button\" tabindex=\"0\">\n\t\t\t\t\t\t<svg aria-hidden=\"true\" class=\"e-font-icon-svg e-eicon-chevron-right\" viewBox=\"0 0 1000 1000\" xmlns=\"http:\/\/www.w3.org\/2000\/svg\"><path d=\"M696 533C708 521 713 504 713 487 713 471 708 454 696 446L400 146C388 133 375 125 354 125 338 125 325 129 313 142 300 154 292 171 292 187 292 204 296 221 308 233L563 492 304 771C292 783 288 800 288 817 288 833 296 850 308 863 321 871 338 875 354 875 371 875 388 867 400 854L696 533Z\"><\/path><\/svg>\t\t\t\t\t<\/div>\n\t\t\t\t\n\t\t\t\t\t\t\t\t\t<div class=\"swiper-pagination\"><\/div>\n\t\t\t\t\t\t\t\t\t<\/div>\n\t\t\t\t\t\t<\/div>\n\t\t\t\t<\/div>\n\t\t\t\t\t<\/div>\n\t\t<\/div>\n\t\t\t\t\t<\/div>\n\t\t<\/section>\n\t\t\t\t<\/div>\n\t\t","protected":false},"excerpt":{"rendered":"<p>DE NOMBREUX CH\u00c2TEAUX DU VAL DE LOIRE Sur vos plus jolies photos de vacances,\u00a0 les ch\u00e2teaux de Loire feront tr\u00e8s certainement partie du paysage ! Non loin de Rivarennes, vous pourrez prendre quelques clich\u00e9s notamment \u00e0 la forteresse de Chinon, et de Loches, et fl\u00e2ner dans leurs rues m\u00e9di\u00e9vales, le ch\u00e2teau d&rsquo;Azay-Le-Rideau, un incontournable, le [&hellip;]<\/p>\n","protected":false},"author":1,"featured_media":0,"parent":0,"menu_order":0,"comment_status":"closed","ping_status":"closed","template":"","meta":{"ocean_post_layout":"","ocean_both_sidebars_style":"","ocean_both_sidebars_content_width":0,"ocean_both_sidebars_sidebars_width":0,"ocean_sidebar":"","ocean_second_sidebar":"","ocean_disable_margins":"enable","ocean_add_body_class":"","ocean_shortcode_before_top_bar":"","ocean_shortcode_after_top_bar":"","ocean_shortcode_before_header":"","ocean_shortcode_after_header":"","ocean_has_shortcode":"","ocean_shortcode_after_title":"","ocean_shortcode_before_footer_widgets":"","ocean_shortcode_after_footer_widgets":"","ocean_shortcode_before_footer_bottom":"","ocean_shortcode_after_footer_bottom":"","ocean_display_top_bar":"default","ocean_display_header":"default","ocean_header_style":"","ocean_center_header_left_menu":"","ocean_custom_header_template":"","ocean_custom_logo":0,"ocean_custom_retina_logo":0,"ocean_custom_logo_max_width":0,"ocean_custom_logo_tablet_max_width":0,"ocean_custom_logo_mobile_max_width":0,"ocean_custom_logo_max_height":0,"ocean_custom_logo_tablet_max_height":0,"ocean_custom_logo_mobile_max_height":0,"ocean_header_custom_menu":"","ocean_menu_typo_font_family":"","ocean_menu_typo_font_subset":"","ocean_menu_typo_font_size":0,"ocean_menu_typo_font_size_tablet":0,"ocean_menu_typo_font_size_mobile":0,"ocean_menu_typo_font_size_unit":"px","ocean_menu_typo_font_weight":"","ocean_menu_typo_font_weight_tablet":"","ocean_menu_typo_font_weight_mobile":"","ocean_menu_typo_transform":"","ocean_menu_typo_transform_tablet":"","ocean_menu_typo_transform_mobile":"","ocean_menu_typo_line_height":0,"ocean_menu_typo_line_height_tablet":0,"ocean_menu_typo_line_height_mobile":0,"ocean_menu_typo_line_height_unit":"","ocean_menu_typo_spacing":0,"ocean_menu_typo_spacing_tablet":0,"ocean_menu_typo_spacing_mobile":0,"ocean_menu_typo_spacing_unit":"","ocean_menu_link_color":"","ocean_menu_link_color_hover":"","ocean_menu_link_color_active":"","ocean_menu_link_background":"","ocean_menu_link_hover_background":"","ocean_menu_link_active_background":"","ocean_menu_social_links_bg":"","ocean_menu_social_hover_links_bg":"","ocean_menu_social_links_color":"","ocean_menu_social_hover_links_color":"","ocean_disable_title":"default","ocean_disable_heading":"default","ocean_post_title":"","ocean_post_subheading":"","ocean_post_title_style":"","ocean_post_title_background_color":"","ocean_post_title_background":0,"ocean_post_title_bg_image_position":"","ocean_post_title_bg_image_attachment":"","ocean_post_title_bg_image_repeat":"","ocean_post_title_bg_image_size":"","ocean_post_title_height":0,"ocean_post_title_bg_overlay":0.5,"ocean_post_title_bg_overlay_color":"","ocean_disable_breadcrumbs":"default","ocean_breadcrumbs_color":"","ocean_breadcrumbs_separator_color":"","ocean_breadcrumbs_links_color":"","ocean_breadcrumbs_links_hover_color":"","ocean_display_footer_widgets":"default","ocean_display_footer_bottom":"default","ocean_custom_footer_template":"","footnotes":""},"class_list":["post-283","page","type-page","status-publish","hentry","entry","owp-thumbs-layout-horizontal","owp-btn-big","owp-tabs-layout-horizontal","has-no-thumbnails"],"yoast_head":"<!-- This site is optimized with the Yoast SEO plugin v23.2 - https:\/\/yoast.com\/wordpress\/plugins\/seo\/ -->\n<title>Les ch\u00e2teaux autour de Rivarennes<\/title>\n<meta name=\"description\" content=\"Venez d\u00e9couvrir les magnifiques ch\u00e2teaux du val de Loire non loin de Rivarennes et y d\u00e9couvrir ou red\u00e9couvrir l&#039;Histoire de France.\" \/>\n<meta name=\"robots\" content=\"index, follow, max-snippet:-1, max-image-preview:large, max-video-preview:-1\" \/>\n<link rel=\"canonical\" href=\"https:\/\/vacancesentreterreetmer.com\/index.php\/les-sorties-en-touraine\/\" \/>\n<meta property=\"og:locale\" content=\"fr_FR\" \/>\n<meta property=\"og:type\" content=\"article\" \/>\n<meta property=\"og:title\" content=\"Les ch\u00e2teaux autour de Rivarennes\" \/>\n<meta property=\"og:description\" content=\"Venez d\u00e9couvrir les magnifiques ch\u00e2teaux du val de Loire non loin de Rivarennes et y d\u00e9couvrir ou red\u00e9couvrir l&#039;Histoire de France.\" \/>\n<meta property=\"og:url\" content=\"https:\/\/vacancesentreterreetmer.com\/index.php\/les-sorties-en-touraine\/\" \/>\n<meta property=\"og:site_name\" content=\"vacances entre terre et mer\" \/>\n<meta property=\"article:modified_time\" content=\"2025-11-10T12:04:04+00:00\" \/>\n<meta property=\"og:image\" content=\"http:\/\/vacancesentreterreetmer.com\/wp-content\/uploads\/2024\/08\/telechargement-villandry5-150x150.jpeg\" \/>\n<meta name=\"twitter:card\" content=\"summary_large_image\" \/>\n<meta name=\"twitter:label1\" content=\"Dur\u00e9e de lecture estim\u00e9e\" \/>\n\t<meta name=\"twitter:data1\" content=\"3 minutes\" \/>\n<script type=\"application\/ld+json\" class=\"yoast-schema-graph\">{\"@context\":\"https:\/\/schema.org\",\"@graph\":[{\"@type\":\"WebPage\",\"@id\":\"https:\/\/vacancesentreterreetmer.com\/index.php\/les-sorties-en-touraine\/\",\"url\":\"https:\/\/vacancesentreterreetmer.com\/index.php\/les-sorties-en-touraine\/\",\"name\":\"Les ch\u00e2teaux autour de Rivarennes\",\"isPartOf\":{\"@id\":\"https:\/\/vacancesentreterreetmer.com\/#website\"},\"primaryImageOfPage\":{\"@id\":\"https:\/\/vacancesentreterreetmer.com\/index.php\/les-sorties-en-touraine\/#primaryimage\"},\"image\":{\"@id\":\"https:\/\/vacancesentreterreetmer.com\/index.php\/les-sorties-en-touraine\/#primaryimage\"},\"thumbnailUrl\":\"http:\/\/vacancesentreterreetmer.com\/wp-content\/uploads\/2024\/08\/telechargement-villandry5-150x150.jpeg\",\"datePublished\":\"2024-06-13T16:16:53+00:00\",\"dateModified\":\"2025-11-10T12:04:04+00:00\",\"description\":\"Venez d\u00e9couvrir les magnifiques ch\u00e2teaux du val de Loire non loin de Rivarennes et y d\u00e9couvrir ou red\u00e9couvrir l'Histoire de France.\",\"breadcrumb\":{\"@id\":\"https:\/\/vacancesentreterreetmer.com\/index.php\/les-sorties-en-touraine\/#breadcrumb\"},\"inLanguage\":\"fr-FR\",\"potentialAction\":[{\"@type\":\"ReadAction\",\"target\":[\"https:\/\/vacancesentreterreetmer.com\/index.php\/les-sorties-en-touraine\/\"]}]},{\"@type\":\"ImageObject\",\"inLanguage\":\"fr-FR\",\"@id\":\"https:\/\/vacancesentreterreetmer.com\/index.php\/les-sorties-en-touraine\/#primaryimage\",\"url\":\"http:\/\/vacancesentreterreetmer.com\/wp-content\/uploads\/2024\/08\/telechargement-villandry5-150x150.jpeg\",\"contentUrl\":\"http:\/\/vacancesentreterreetmer.com\/wp-content\/uploads\/2024\/08\/telechargement-villandry5-150x150.jpeg\"},{\"@type\":\"BreadcrumbList\",\"@id\":\"https:\/\/vacancesentreterreetmer.com\/index.php\/les-sorties-en-touraine\/#breadcrumb\",\"itemListElement\":[{\"@type\":\"ListItem\",\"position\":1,\"name\":\"Accueil\",\"item\":\"https:\/\/vacancesentreterreetmer.com\/\"},{\"@type\":\"ListItem\",\"position\":2,\"name\":\"en touraine\"}]},{\"@type\":\"WebSite\",\"@id\":\"https:\/\/vacancesentreterreetmer.com\/#website\",\"url\":\"https:\/\/vacancesentreterreetmer.com\/\",\"name\":\"vacances entre terre et mer\",\"description\":\"\",\"potentialAction\":[{\"@type\":\"SearchAction\",\"target\":{\"@type\":\"EntryPoint\",\"urlTemplate\":\"https:\/\/vacancesentreterreetmer.com\/?s={search_term_string}\"},\"query-input\":\"required name=search_term_string\"}],\"inLanguage\":\"fr-FR\"}]}<\/script>\n<!-- \/ Yoast SEO plugin. -->","yoast_head_json":{"title":"Les ch\u00e2teaux autour de Rivarennes","description":"Venez d\u00e9couvrir les magnifiques ch\u00e2teaux du val de Loire non loin de Rivarennes et y d\u00e9couvrir ou red\u00e9couvrir l'Histoire de France.","robots":{"index":"index","follow":"follow","max-snippet":"max-snippet:-1","max-image-preview":"max-image-preview:large","max-video-preview":"max-video-preview:-1"},"canonical":"https:\/\/vacancesentreterreetmer.com\/index.php\/les-sorties-en-touraine\/","og_locale":"fr_FR","og_type":"article","og_title":"Les ch\u00e2teaux autour de Rivarennes","og_description":"Venez d\u00e9couvrir les magnifiques ch\u00e2teaux du val de Loire non loin de Rivarennes et y d\u00e9couvrir ou red\u00e9couvrir l'Histoire de France.","og_url":"https:\/\/vacancesentreterreetmer.com\/index.php\/les-sorties-en-touraine\/","og_site_name":"vacances entre terre et mer","article_modified_time":"2025-11-10T12:04:04+00:00","og_image":[{"url":"http:\/\/vacancesentreterreetmer.com\/wp-content\/uploads\/2024\/08\/telechargement-villandry5-150x150.jpeg"}],"twitter_card":"summary_large_image","twitter_misc":{"Dur\u00e9e de lecture estim\u00e9e":"3 minutes"},"schema":{"@context":"https:\/\/schema.org","@graph":[{"@type":"WebPage","@id":"https:\/\/vacancesentreterreetmer.com\/index.php\/les-sorties-en-touraine\/","url":"https:\/\/vacancesentreterreetmer.com\/index.php\/les-sorties-en-touraine\/","name":"Les ch\u00e2teaux autour de Rivarennes","isPartOf":{"@id":"https:\/\/vacancesentreterreetmer.com\/#website"},"primaryImageOfPage":{"@id":"https:\/\/vacancesentreterreetmer.com\/index.php\/les-sorties-en-touraine\/#primaryimage"},"image":{"@id":"https:\/\/vacancesentreterreetmer.com\/index.php\/les-sorties-en-touraine\/#primaryimage"},"thumbnailUrl":"http:\/\/vacancesentreterreetmer.com\/wp-content\/uploads\/2024\/08\/telechargement-villandry5-150x150.jpeg","datePublished":"2024-06-13T16:16:53+00:00","dateModified":"2025-11-10T12:04:04+00:00","description":"Venez d\u00e9couvrir les magnifiques ch\u00e2teaux du val de Loire non loin de Rivarennes et y d\u00e9couvrir ou red\u00e9couvrir l'Histoire de France.","breadcrumb":{"@id":"https:\/\/vacancesentreterreetmer.com\/index.php\/les-sorties-en-touraine\/#breadcrumb"},"inLanguage":"fr-FR","potentialAction":[{"@type":"ReadAction","target":["https:\/\/vacancesentreterreetmer.com\/index.php\/les-sorties-en-touraine\/"]}]},{"@type":"ImageObject","inLanguage":"fr-FR","@id":"https:\/\/vacancesentreterreetmer.com\/index.php\/les-sorties-en-touraine\/#primaryimage","url":"http:\/\/vacancesentreterreetmer.com\/wp-content\/uploads\/2024\/08\/telechargement-villandry5-150x150.jpeg","contentUrl":"http:\/\/vacancesentreterreetmer.com\/wp-content\/uploads\/2024\/08\/telechargement-villandry5-150x150.jpeg"},{"@type":"BreadcrumbList","@id":"https:\/\/vacancesentreterreetmer.com\/index.php\/les-sorties-en-touraine\/#breadcrumb","itemListElement":[{"@type":"ListItem","position":1,"name":"Accueil","item":"https:\/\/vacancesentreterreetmer.com\/"},{"@type":"ListItem","position":2,"name":"en touraine"}]},{"@type":"WebSite","@id":"https:\/\/vacancesentreterreetmer.com\/#website","url":"https:\/\/vacancesentreterreetmer.com\/","name":"vacances entre terre et mer","description":"","potentialAction":[{"@type":"SearchAction","target":{"@type":"EntryPoint","urlTemplate":"https:\/\/vacancesentreterreetmer.com\/?s={search_term_string}"},"query-input":"required name=search_term_string"}],"inLanguage":"fr-FR"}]}},"jetpack_sharing_enabled":true,"_links":{"self":[{"href":"https:\/\/vacancesentreterreetmer.com\/index.php\/wp-json\/wp\/v2\/pages\/283","targetHints":{"allow":["GET"]}}],"collection":[{"href":"https:\/\/vacancesentreterreetmer.com\/index.php\/wp-json\/wp\/v2\/pages"}],"about":[{"href":"https:\/\/vacancesentreterreetmer.com\/index.php\/wp-json\/wp\/v2\/types\/page"}],"author":[{"embeddable":true,"href":"https:\/\/vacancesentreterreetmer.com\/index.php\/wp-json\/wp\/v2\/users\/1"}],"replies":[{"embeddable":true,"href":"https:\/\/vacancesentreterreetmer.com\/index.php\/wp-json\/wp\/v2\/comments?post=283"}],"version-history":[{"count":8,"href":"https:\/\/vacancesentreterreetmer.com\/index.php\/wp-json\/wp\/v2\/pages\/283\/revisions"}],"predecessor-version":[{"id":948,"href":"https:\/\/vacancesentreterreetmer.com\/index.php\/wp-json\/wp\/v2\/pages\/283\/revisions\/948"}],"wp:attachment":[{"href":"https:\/\/vacancesentreterreetmer.com\/index.php\/wp-json\/wp\/v2\/media?parent=283"}],"curies":[{"name":"wp","href":"https:\/\/api.w.org\/{rel}","templated":true}]}}