{"id":41,"date":"2024-05-17T15:26:37","date_gmt":"2024-05-17T13:26:37","guid":{"rendered":"https:\/\/vacancesentreterreetmer.com\/?page_id=41"},"modified":"2024-09-16T17:40:07","modified_gmt":"2024-09-16T15:40:07","slug":"mentions-legales","status":"publish","type":"page","link":"https:\/\/vacancesentreterreetmer.com\/index.php\/mentions-legales\/","title":{"rendered":"Mentions l\u00e9gales d&rsquo;un gite proche de Pornic"},"content":{"rendered":"\t\t<div data-elementor-type=\"wp-page\" data-elementor-id=\"41\" class=\"elementor elementor-41\">\n\t\t\t\t\t\t<section class=\"elementor-section elementor-top-section elementor-element elementor-element-7957312f elementor-section-boxed elementor-section-height-default elementor-section-height-default\" data-id=\"7957312f\" data-element_type=\"section\" data-e-type=\"section\">\n\t\t\t\t\t\t<div class=\"elementor-container elementor-column-gap-default\">\n\t\t\t\t\t<div class=\"elementor-column elementor-col-100 elementor-top-column elementor-element elementor-element-73e82db5\" data-id=\"73e82db5\" data-element_type=\"column\" data-e-type=\"column\">\n\t\t\t<div class=\"elementor-widget-wrap elementor-element-populated\">\n\t\t\t\t\t\t<div class=\"elementor-element elementor-element-3e1afc32 elementor-widget elementor-widget-text-editor\" data-id=\"3e1afc32\" data-element_type=\"widget\" data-e-type=\"widget\" data-widget_type=\"text-editor.default\">\n\t\t\t\t<div class=\"elementor-widget-container\">\n\t\t\t\t\t\t\t\t\t\n<p>Vous consultez les mentions l\u00e9gales du <a href=\"https:\/\/vacancesentreterreetmer.com\/index.php\/location-vacances-pornic\/\" data-type=\"page\" data-id=\"12\">g\u00eete Chez Ginette id\u00e9al pour vos vacances proche de Pornic<\/a> et du <a href=\"https:\/\/vacancesentreterreetmer.com\/index.php\/a-propos-2\/\" data-type=\"page\" data-id=\"136\">g\u00eete Chez Nous pour vos vacances en Touraine.<\/a><\/p>\n\n\n\n<p><\/p>\n\t\t\t\t\t\t\t\t<\/div>\n\t\t\t\t<\/div>\n\t\t\t\t\t<\/div>\n\t\t<\/div>\n\t\t\t\t\t<\/div>\n\t\t<\/section>\n\t\t\t\t<section class=\"elementor-section elementor-top-section elementor-element elementor-element-ea1de36 elementor-section-boxed elementor-section-height-default elementor-section-height-default\" data-id=\"ea1de36\" data-element_type=\"section\" data-e-type=\"section\">\n\t\t\t\t\t\t<div class=\"elementor-container elementor-column-gap-default\">\n\t\t\t\t\t<div class=\"elementor-column elementor-col-100 elementor-top-column elementor-element elementor-element-4829561\" data-id=\"4829561\" data-element_type=\"column\" data-e-type=\"column\">\n\t\t\t<div class=\"elementor-widget-wrap elementor-element-populated\">\n\t\t\t\t\t\t<div class=\"elementor-element elementor-element-1fe3da9 elementor-widget elementor-widget-text-editor\" data-id=\"1fe3da9\" data-element_type=\"widget\" data-e-type=\"widget\" data-widget_type=\"text-editor.default\">\n\t\t\t\t<div class=\"elementor-widget-container\">\n\t\t\t\t\t\t\t\t\t<p>1 &#8211; \u00c9dition du site En vertu de l&rsquo;article 6 de la loi n\u00b0 2004-575 du 21 juin 2004 pour la confiance dans l&rsquo;\u00e9conomie num\u00e9rique, il est pr\u00e9cis\u00e9 aux utilisateurs du site internet https:\/\/www.entreterreetmer.com l&rsquo;identit\u00e9 des diff\u00e9rents intervenants dans le cadre de sa r\u00e9alisation et de son suivi: Propri\u00e9taire du site : Perrault Am\u00e9lie &#8211; Contact : amelie.perrault@orange.fr 06.12.66.54.86 &#8211; Adresse : 7, rue de la pr\u00e9e, Armenti\u00e8re. Identification de l&rsquo;entreprise : Perrault Am\u00e9lie au capital social de \u20ac &#8211; SIREN : &#8211; RCS ou RM : &#8211; Adresse postale : 7, rue de la pr\u00e9e, Armenti\u00e8re &#8211; Directeur de la publication : Am\u00e9lie Perrault Seigneurin &#8211; Contact : . H\u00e9bergeur : OVH SAS &#8211; 2 rue Kellermann &#8211; BP 80157 &#8211; 59053 Roubaix Cedex 1 &#8211; T\u00e9l\u00e9phone : 1007 D\u00e9l\u00e9gu\u00e9 \u00e0 la protection des donn\u00e9es : Am\u00e9lie Perrault Seigneurin &#8211;&nbsp;&nbsp;<\/p><p>2 &#8211; Propri\u00e9t\u00e9 intellectuelle et contrefa\u00e7ons. Perrault Am\u00e9lie est propri\u00e9taire des droits de propri\u00e9t\u00e9 intellectuelle et d\u00e9tient les droits d\u2019usage sur tous les \u00e9l\u00e9ments accessibles sur le site internet, notamment les textes, images, graphismes, logos, vid\u00e9os, architecture, ic\u00f4nes et sons. Toute reproduction, repr\u00e9sentation, modification, publication, adaptation de tout ou partie des \u00e9l\u00e9ments du site, quel que soit le moyen ou le proc\u00e9d\u00e9 utilis\u00e9, est interdite, sauf autorisation \u00e9crite pr\u00e9alable de Perrault Am\u00e9lie. Toute exploitation non autoris\u00e9e du site ou de l\u2019un quelconque des \u00e9l\u00e9ments qu\u2019il contient sera consid\u00e9r\u00e9e comme constitutive d\u2019une contrefa\u00e7on et poursuivie conform\u00e9ment aux dispositions des articles L.335-2 et suivants du Code de Propri\u00e9t\u00e9 Intellectuelle.&nbsp;<\/p><p>3 &#8211; Limitations de responsabilit\u00e9. Perrault Am\u00e9lie ne pourra \u00eatre tenu pour responsable des dommages directs et indirects caus\u00e9s au mat\u00e9riel de l\u2019utilisateur, lors de l\u2019acc\u00e8s au site https:\/\/www.entreterreetmer.com. Perrault Am\u00e9lie d\u00e9cline toute responsabilit\u00e9 quant \u00e0 l\u2019utilisation qui pourrait \u00eatre faite des informations et contenus pr\u00e9sents sur https:\/\/www.entreterreetmer.com. Perrault Am\u00e9lie s\u2019engage \u00e0 s\u00e9curiser au mieux le site https:\/\/www.entreterreetmer.com, cependant sa responsabilit\u00e9 ne pourra \u00eatre mise en cause si des donn\u00e9es ind\u00e9sirables sont import\u00e9es et install\u00e9es sur son site \u00e0 son insu. Des espaces interactifs (espace contact ou commentaires) sont \u00e0 la disposition des utilisateurs. Perrault Am\u00e9lie se r\u00e9serve le droit de supprimer, sans mise en demeure pr\u00e9alable, tout contenu d\u00e9pos\u00e9 dans cet espace qui contreviendrait \u00e0 la l\u00e9gislation applicable en France, en particulier aux dispositions relatives \u00e0 la protection des donn\u00e9es. Le cas \u00e9ch\u00e9ant, Perrault Am\u00e9lie se r\u00e9serve \u00e9galement la possibilit\u00e9 de mettre en cause la responsabilit\u00e9 civile et\/ou p\u00e9nale de l\u2019utilisateur, notamment en cas de message \u00e0 caract\u00e8re raciste, injurieux, diffamant, ou pornographique, quel que soit le support utilis\u00e9 (texte, photographie \u2026).&nbsp;<\/p><p>4 &#8211; CNIL et gestion des donn\u00e9es personnelles. Conform\u00e9ment aux dispositions de la loi 78-17 du 6 janvier 1978 modifi\u00e9e, l\u2019utilisateur du site https:\/\/www.entreterreetmer.com dispose d\u2019un droit d\u2019acc\u00e8s, de modification et de suppression des informations collect\u00e9es. Pour exercer ce droit, envoyez un message \u00e0 notre D\u00e9l\u00e9gu\u00e9 \u00e0 la Protection des Donn\u00e9es : Am\u00e9lie Perrault Seigneurin &#8211; . Pour plus d&rsquo;informations sur la fa\u00e7on dont nous traitons vos donn\u00e9es (type de donn\u00e9es, finalit\u00e9, destinataire&#8230;), lisez notre <a href=\"https:\/\/vacancesentreterreetmer.com\/index.php\/politique-de-confidentialite\/.5\">https:\/\/vacancesentreterreetmer.com\/index.php\/politique-de-confidentialite\/.<\/a><\/p><p><a href=\"https:\/\/vacancesentreterreetmer.com\/index.php\/politique-de-confidentialite\/.5\">5<\/a> &#8211; Liens hypertextes et cookies Le site https:\/\/www.entreterreetmer.com contient des liens hypertextes vers d\u2019autres sites et d\u00e9gage toute responsabilit\u00e9 \u00e0 propos de ces liens externes ou des liens cr\u00e9\u00e9s par d\u2019autres sites vers https:\/\/www.entreterreetmer.com. La navigation sur le site https:\/\/www.entreterreetmer.com est susceptible de provoquer l\u2019installation de cookie(s) sur l\u2019ordinateur de l\u2019utilisateur. Un \u00ab\u00a0cookie\u00a0\u00bb est un fichier de petite taille qui enregistre des informations relatives \u00e0 la navigation d\u2019un utilisateur sur un site. Les donn\u00e9es ainsi obtenues permettent d&rsquo;obtenir des mesures de fr\u00e9quentation, par exemple. Vous avez la possibilit\u00e9 d\u2019accepter ou de refuser les cookies en modifiant les param\u00e8tres de votre navigateur. Aucun cookie ne sera d\u00e9pos\u00e9 sans votre consentement. Les cookies sont enregistr\u00e9s pour une dur\u00e9e maximale de 5 mois. Pour plus d&rsquo;informations sur la fa\u00e7on dont nous faisons usage des cookies, lisez notre https:\/\/vacancesentreterreetmer.com\/index.php\/politique-de-confidentialite\/.&nbsp;&nbsp;<\/p><p>6 &#8211; Droit applicable et attribution de juridiction. Tout litige en relation avec l\u2019utilisation du site https:\/\/www.entreterreetmer.com est soumis au droit fran\u00e7ais. En dehors des cas o\u00f9 la loi ne le permet pas, il est fait attribution exclusive de juridiction aux tribunaux comp\u00e9tents de Chinon.<\/p>\t\t\t\t\t\t\t\t<\/div>\n\t\t\t\t<\/div>\n\t\t\t\t\t<\/div>\n\t\t<\/div>\n\t\t\t\t\t<\/div>\n\t\t<\/section>\n\t\t\t\t<\/div>\n\t\t","protected":false},"excerpt":{"rendered":"<p>Vous consultez les mentions l\u00e9gales du g\u00eete Chez Ginette id\u00e9al pour vos vacances proche de Pornic et du g\u00eete Chez Nous pour vos vacances en Touraine. 1 &#8211; \u00c9dition du site En vertu de l&rsquo;article 6 de la loi n\u00b0 2004-575 du 21 juin 2004 pour la confiance dans l&rsquo;\u00e9conomie num\u00e9rique, il est pr\u00e9cis\u00e9 aux [&hellip;]<\/p>\n","protected":false},"author":1,"featured_media":0,"parent":0,"menu_order":0,"comment_status":"closed","ping_status":"closed","template":"","meta":{"ocean_post_layout":"","ocean_both_sidebars_style":"","ocean_both_sidebars_content_width":0,"ocean_both_sidebars_sidebars_width":0,"ocean_sidebar":"","ocean_second_sidebar":"","ocean_disable_margins":"enable","ocean_add_body_class":"","ocean_shortcode_before_top_bar":"","ocean_shortcode_after_top_bar":"","ocean_shortcode_before_header":"","ocean_shortcode_after_header":"","ocean_has_shortcode":"","ocean_shortcode_after_title":"","ocean_shortcode_before_footer_widgets":"","ocean_shortcode_after_footer_widgets":"","ocean_shortcode_before_footer_bottom":"","ocean_shortcode_after_footer_bottom":"","ocean_display_top_bar":"default","ocean_display_header":"default","ocean_header_style":"","ocean_center_header_left_menu":"","ocean_custom_header_template":"","ocean_custom_logo":0,"ocean_custom_retina_logo":0,"ocean_custom_logo_max_width":0,"ocean_custom_logo_tablet_max_width":0,"ocean_custom_logo_mobile_max_width":0,"ocean_custom_logo_max_height":0,"ocean_custom_logo_tablet_max_height":0,"ocean_custom_logo_mobile_max_height":0,"ocean_header_custom_menu":"","ocean_menu_typo_font_family":"","ocean_menu_typo_font_subset":"","ocean_menu_typo_font_size":0,"ocean_menu_typo_font_size_tablet":0,"ocean_menu_typo_font_size_mobile":0,"ocean_menu_typo_font_size_unit":"px","ocean_menu_typo_font_weight":"","ocean_menu_typo_font_weight_tablet":"","ocean_menu_typo_font_weight_mobile":"","ocean_menu_typo_transform":"","ocean_menu_typo_transform_tablet":"","ocean_menu_typo_transform_mobile":"","ocean_menu_typo_line_height":0,"ocean_menu_typo_line_height_tablet":0,"ocean_menu_typo_line_height_mobile":0,"ocean_menu_typo_line_height_unit":"","ocean_menu_typo_spacing":0,"ocean_menu_typo_spacing_tablet":0,"ocean_menu_typo_spacing_mobile":0,"ocean_menu_typo_spacing_unit":"","ocean_menu_link_color":"","ocean_menu_link_color_hover":"","ocean_menu_link_color_active":"","ocean_menu_link_background":"","ocean_menu_link_hover_background":"","ocean_menu_link_active_background":"","ocean_menu_social_links_bg":"","ocean_menu_social_hover_links_bg":"","ocean_menu_social_links_color":"","ocean_menu_social_hover_links_color":"","ocean_disable_title":"default","ocean_disable_heading":"default","ocean_post_title":"","ocean_post_subheading":"","ocean_post_title_style":"","ocean_post_title_background_color":"","ocean_post_title_background":0,"ocean_post_title_bg_image_position":"","ocean_post_title_bg_image_attachment":"","ocean_post_title_bg_image_repeat":"","ocean_post_title_bg_image_size":"","ocean_post_title_height":0,"ocean_post_title_bg_overlay":0.5,"ocean_post_title_bg_overlay_color":"","ocean_disable_breadcrumbs":"default","ocean_breadcrumbs_color":"","ocean_breadcrumbs_separator_color":"","ocean_breadcrumbs_links_color":"","ocean_breadcrumbs_links_hover_color":"","ocean_display_footer_widgets":"default","ocean_display_footer_bottom":"default","ocean_custom_footer_template":"","footnotes":""},"class_list":["post-41","page","type-page","status-publish","hentry","entry","owp-thumbs-layout-horizontal","owp-btn-big","owp-tabs-layout-horizontal","has-no-thumbnails"],"yoast_head":"<!-- This site is optimized with the Yoast SEO plugin v23.2 - https:\/\/yoast.com\/wordpress\/plugins\/seo\/ -->\n<title>Mentions l\u00e9gales d&#039;un gite proche de Pornic - vacances entre terre et mer<\/title>\n<meta name=\"robots\" content=\"index, follow, max-snippet:-1, max-image-preview:large, max-video-preview:-1\" \/>\n<link rel=\"canonical\" href=\"https:\/\/vacancesentreterreetmer.com\/index.php\/mentions-legales\/\" \/>\n<meta property=\"og:locale\" content=\"fr_FR\" \/>\n<meta property=\"og:type\" content=\"article\" \/>\n<meta property=\"og:title\" content=\"Mentions l\u00e9gales d&#039;un gite proche de Pornic - vacances entre terre et mer\" \/>\n<meta property=\"og:description\" content=\"Vous consultez les mentions l\u00e9gales du g\u00eete Chez Ginette id\u00e9al pour vos vacances proche de Pornic et du g\u00eete Chez Nous pour vos vacances en Touraine. 1 &#8211; \u00c9dition du site En vertu de l&rsquo;article 6 de la loi n\u00b0 2004-575 du 21 juin 2004 pour la confiance dans l&rsquo;\u00e9conomie num\u00e9rique, il est pr\u00e9cis\u00e9 aux [&hellip;]\" \/>\n<meta property=\"og:url\" content=\"https:\/\/vacancesentreterreetmer.com\/index.php\/mentions-legales\/\" \/>\n<meta property=\"og:site_name\" content=\"vacances entre terre et mer\" \/>\n<meta property=\"article:modified_time\" content=\"2024-09-16T15:40:07+00:00\" \/>\n<meta name=\"twitter:card\" content=\"summary_large_image\" \/>\n<meta name=\"twitter:label1\" content=\"Dur\u00e9e de lecture estim\u00e9e\" \/>\n\t<meta name=\"twitter:data1\" content=\"4 minutes\" \/>\n<script type=\"application\/ld+json\" class=\"yoast-schema-graph\">{\"@context\":\"https:\/\/schema.org\",\"@graph\":[{\"@type\":\"WebPage\",\"@id\":\"https:\/\/vacancesentreterreetmer.com\/index.php\/mentions-legales\/\",\"url\":\"https:\/\/vacancesentreterreetmer.com\/index.php\/mentions-legales\/\",\"name\":\"Mentions l\u00e9gales d'un gite proche de Pornic - vacances entre terre et mer\",\"isPartOf\":{\"@id\":\"https:\/\/vacancesentreterreetmer.com\/#website\"},\"datePublished\":\"2024-05-17T13:26:37+00:00\",\"dateModified\":\"2024-09-16T15:40:07+00:00\",\"breadcrumb\":{\"@id\":\"https:\/\/vacancesentreterreetmer.com\/index.php\/mentions-legales\/#breadcrumb\"},\"inLanguage\":\"fr-FR\",\"potentialAction\":[{\"@type\":\"ReadAction\",\"target\":[\"https:\/\/vacancesentreterreetmer.com\/index.php\/mentions-legales\/\"]}]},{\"@type\":\"BreadcrumbList\",\"@id\":\"https:\/\/vacancesentreterreetmer.com\/index.php\/mentions-legales\/#breadcrumb\",\"itemListElement\":[{\"@type\":\"ListItem\",\"position\":1,\"name\":\"Accueil\",\"item\":\"https:\/\/vacancesentreterreetmer.com\/\"},{\"@type\":\"ListItem\",\"position\":2,\"name\":\"Mentions l\u00e9gales d&rsquo;un gite proche de Pornic\"}]},{\"@type\":\"WebSite\",\"@id\":\"https:\/\/vacancesentreterreetmer.com\/#website\",\"url\":\"https:\/\/vacancesentreterreetmer.com\/\",\"name\":\"vacances entre terre et mer\",\"description\":\"\",\"potentialAction\":[{\"@type\":\"SearchAction\",\"target\":{\"@type\":\"EntryPoint\",\"urlTemplate\":\"https:\/\/vacancesentreterreetmer.com\/?s={search_term_string}\"},\"query-input\":\"required name=search_term_string\"}],\"inLanguage\":\"fr-FR\"}]}<\/script>\n<!-- \/ Yoast SEO plugin. -->","yoast_head_json":{"title":"Mentions l\u00e9gales d'un gite proche de Pornic - vacances entre terre et mer","robots":{"index":"index","follow":"follow","max-snippet":"max-snippet:-1","max-image-preview":"max-image-preview:large","max-video-preview":"max-video-preview:-1"},"canonical":"https:\/\/vacancesentreterreetmer.com\/index.php\/mentions-legales\/","og_locale":"fr_FR","og_type":"article","og_title":"Mentions l\u00e9gales d'un gite proche de Pornic - vacances entre terre et mer","og_description":"Vous consultez les mentions l\u00e9gales du g\u00eete Chez Ginette id\u00e9al pour vos vacances proche de Pornic et du g\u00eete Chez Nous pour vos vacances en Touraine. 1 &#8211; \u00c9dition du site En vertu de l&rsquo;article 6 de la loi n\u00b0 2004-575 du 21 juin 2004 pour la confiance dans l&rsquo;\u00e9conomie num\u00e9rique, il est pr\u00e9cis\u00e9 aux [&hellip;]","og_url":"https:\/\/vacancesentreterreetmer.com\/index.php\/mentions-legales\/","og_site_name":"vacances entre terre et mer","article_modified_time":"2024-09-16T15:40:07+00:00","twitter_card":"summary_large_image","twitter_misc":{"Dur\u00e9e de lecture estim\u00e9e":"4 minutes"},"schema":{"@context":"https:\/\/schema.org","@graph":[{"@type":"WebPage","@id":"https:\/\/vacancesentreterreetmer.com\/index.php\/mentions-legales\/","url":"https:\/\/vacancesentreterreetmer.com\/index.php\/mentions-legales\/","name":"Mentions l\u00e9gales d'un gite proche de Pornic - vacances entre terre et mer","isPartOf":{"@id":"https:\/\/vacancesentreterreetmer.com\/#website"},"datePublished":"2024-05-17T13:26:37+00:00","dateModified":"2024-09-16T15:40:07+00:00","breadcrumb":{"@id":"https:\/\/vacancesentreterreetmer.com\/index.php\/mentions-legales\/#breadcrumb"},"inLanguage":"fr-FR","potentialAction":[{"@type":"ReadAction","target":["https:\/\/vacancesentreterreetmer.com\/index.php\/mentions-legales\/"]}]},{"@type":"BreadcrumbList","@id":"https:\/\/vacancesentreterreetmer.com\/index.php\/mentions-legales\/#breadcrumb","itemListElement":[{"@type":"ListItem","position":1,"name":"Accueil","item":"https:\/\/vacancesentreterreetmer.com\/"},{"@type":"ListItem","position":2,"name":"Mentions l\u00e9gales d&rsquo;un gite proche de Pornic"}]},{"@type":"WebSite","@id":"https:\/\/vacancesentreterreetmer.com\/#website","url":"https:\/\/vacancesentreterreetmer.com\/","name":"vacances entre terre et mer","description":"","potentialAction":[{"@type":"SearchAction","target":{"@type":"EntryPoint","urlTemplate":"https:\/\/vacancesentreterreetmer.com\/?s={search_term_string}"},"query-input":"required name=search_term_string"}],"inLanguage":"fr-FR"}]}},"jetpack_sharing_enabled":true,"_links":{"self":[{"href":"https:\/\/vacancesentreterreetmer.com\/index.php\/wp-json\/wp\/v2\/pages\/41","targetHints":{"allow":["GET"]}}],"collection":[{"href":"https:\/\/vacancesentreterreetmer.com\/index.php\/wp-json\/wp\/v2\/pages"}],"about":[{"href":"https:\/\/vacancesentreterreetmer.com\/index.php\/wp-json\/wp\/v2\/types\/page"}],"author":[{"embeddable":true,"href":"https:\/\/vacancesentreterreetmer.com\/index.php\/wp-json\/wp\/v2\/users\/1"}],"replies":[{"embeddable":true,"href":"https:\/\/vacancesentreterreetmer.com\/index.php\/wp-json\/wp\/v2\/comments?post=41"}],"version-history":[{"count":9,"href":"https:\/\/vacancesentreterreetmer.com\/index.php\/wp-json\/wp\/v2\/pages\/41\/revisions"}],"predecessor-version":[{"id":831,"href":"https:\/\/vacancesentreterreetmer.com\/index.php\/wp-json\/wp\/v2\/pages\/41\/revisions\/831"}],"wp:attachment":[{"href":"https:\/\/vacancesentreterreetmer.com\/index.php\/wp-json\/wp\/v2\/media?parent=41"}],"curies":[{"name":"wp","href":"https:\/\/api.w.org\/{rel}","templated":true}]}}